{"id":5819,"date":"2024-01-13T17:50:53","date_gmt":"2024-01-13T17:50:53","guid":{"rendered":"https:\/\/themepanthers.com\/wp\/risehand\/el\/?page_id=11"},"modified":"2025-05-27T12:30:12","modified_gmt":"2025-05-27T16:30:12","slug":"donar-paypal","status":"publish","type":"page","link":"https:\/\/mdb.org.do\/es\/donar-paypal\/","title":{"rendered":"Donar"},"content":{"rendered":"<div data-elementor-type=\"wp-page\" data-elementor-id=\"5819\" class=\"elementor elementor-5819\">\n\t\t\t\t\t\t<section class=\"elementor-section elementor-top-section elementor-element elementor-element-8cbaca8 elementor-section-boxed elementor-section-height-default elementor-section-height-default\" data-id=\"8cbaca8\" data-element_type=\"section\">\n\t\t\t\t\t\t<div class=\"elementor-container elementor-column-gap-default\">\n\t\t\t\t\t<div class=\"elementor-column elementor-col-50 elementor-top-column elementor-element elementor-element-e85c189\" data-id=\"e85c189\" data-element_type=\"column\">\n\t\t\t<div class=\"elementor-widget-wrap elementor-element-populated\">\n\t\t\t\t\t\t<div class=\"elementor-element elementor-element-187773f elementor-widget elementor-widget-accordion\" data-id=\"187773f\" data-element_type=\"widget\" data-widget_type=\"accordion.default\">\n\t\t\t\t<div class=\"elementor-widget-container\">\n\t\t\t\t\t\t\t<div class=\"elementor-accordion\">\n\t\t\t\t\t\t\t<div class=\"elementor-accordion-item\">\n\t\t\t\t\t<div id=\"elementor-tab-title-2561\" class=\"elementor-tab-title\" data-tab=\"1\" role=\"button\" aria-controls=\"elementor-tab-content-2561\" aria-expanded=\"false\">\n\t\t\t\t\t\t\t\t\t\t\t\t\t<span class=\"elementor-accordion-icon elementor-accordion-icon-right\" aria-hidden=\"true\">\n\t\t\t\t\t\t\t\t\t\t\t\t\t\t\t<span class=\"elementor-accordion-icon-closed\"><svg class=\"e-font-icon-svg e-fas-caret-square-down\" viewbox=\"0 0 448 512\" xmlns=\"http:\/\/www.w3.org\/2000\/svg\"><path d=\"M448 80v352c0 26.5-21.5 48-48 48H48c-26.5 0-48-21.5-48-48V80c0-26.5 21.5-48 48-48h352c26.5 0 48 21.5 48 48zM92.5 220.5l123 123c4.7 4.7 12.3 4.7 17 0l123-123c7.6-7.6 2.2-20.5-8.5-20.5H101c-10.7 0-16.1 12.9-8.5 20.5z\"><\/path><\/svg><\/span>\n\t\t\t\t\t\t\t\t<span class=\"elementor-accordion-icon-opened\"><svg class=\"e-font-icon-svg e-fas-caret-square-up\" viewbox=\"0 0 448 512\" xmlns=\"http:\/\/www.w3.org\/2000\/svg\"><path d=\"M0 432V80c0-26.51 21.49-48 48-48h352c26.51 0 48 21.49 48 48v352c0 26.51-21.49 48-48 48H48c-26.51 0-48-21.49-48-48zm355.515-140.485l-123.03-123.03c-4.686-4.686-12.284-4.686-16.971 0L92.485 291.515c-7.56 7.56-2.206 20.485 8.485 20.485h246.059c10.691 0 16.045-12.926 8.486-20.485z\"><\/path><\/svg><\/span>\n\t\t\t\t\t\t\t\t\t\t\t\t\t\t<\/span>\n\t\t\t\t\t\t\t\t\t\t\t\t<a class=\"elementor-accordion-title\" tabindex=\"0\">Paypal<\/a>\n\t\t\t\t\t<\/div>\n\t\t\t\t\t<div id=\"elementor-tab-content-2561\" class=\"elementor-tab-content elementor-clearfix\" data-tab=\"1\" role=\"region\" aria-labelledby=\"elementor-tab-title-2561\"><div id=\"paypal-container-W4RFXJS3H99PS\">\u00a0<\/div><p><script>\n  paypal.HostedButtons({\n    hostedButtonId: \"W4RFXJS3H99PS\",\n  }).render(\"#paypal-container-W4RFXJS3H99PS\")\n<\/script><\/p><\/div>\n\t\t\t\t<\/div>\n\t\t\t\t\t\t\t\t\t\t<script type=\"application\/ld+json\">{\"@context\":\"https:\\\/\\\/schema.org\",\"@type\":\"FAQPage\",\"mainEntity\":[{\"@type\":\"Question\",\"name\":\"Paypal\",\"acceptedAnswer\":{\"@type\":\"Answer\",\"text\":\"<div id=\\\"paypal-container-W4RFXJS3H99PS\\\">\\u00a0<\\\/div><p><script>\\n  paypal.HostedButtons({\\n    hostedButtonId: \\\"W4RFXJS3H99PS\\\",\\n  }).render(\\\"#paypal-container-W4RFXJS3H99PS\\\")\\n<\\\/script><\\\/p>\"}}]}<\/script>\n\t\t\t\t\t<\/div>\n\t\t\t\t\t\t<\/div>\n\t\t\t\t<\/div>\n\t\t\t\t\t<\/div>\n\t\t<\/div>\n\t\t\t\t<div class=\"elementor-column elementor-col-50 elementor-top-column elementor-element elementor-element-16699df\" data-id=\"16699df\" data-element_type=\"column\">\n\t\t\t<div class=\"elementor-widget-wrap elementor-element-populated\">\n\t\t\t\t\t\t<div class=\"elementor-element elementor-element-ec90c18 elementor-widget elementor-widget-accordion\" data-id=\"ec90c18\" data-element_type=\"widget\" data-widget_type=\"accordion.default\">\n\t\t\t\t<div class=\"elementor-widget-container\">\n\t\t\t\t\t\t\t<div class=\"elementor-accordion\">\n\t\t\t\t\t\t\t<div class=\"elementor-accordion-item\">\n\t\t\t\t\t<div id=\"elementor-tab-title-2481\" class=\"elementor-tab-title\" data-tab=\"1\" role=\"button\" aria-controls=\"elementor-tab-content-2481\" aria-expanded=\"false\">\n\t\t\t\t\t\t\t\t\t\t\t\t\t<span class=\"elementor-accordion-icon elementor-accordion-icon-right\" aria-hidden=\"true\">\n\t\t\t\t\t\t\t\t\t\t\t\t\t\t\t<span class=\"elementor-accordion-icon-closed\"><svg class=\"e-font-icon-svg e-fas-caret-square-down\" viewbox=\"0 0 448 512\" xmlns=\"http:\/\/www.w3.org\/2000\/svg\"><path d=\"M448 80v352c0 26.5-21.5 48-48 48H48c-26.5 0-48-21.5-48-48V80c0-26.5 21.5-48 48-48h352c26.5 0 48 21.5 48 48zM92.5 220.5l123 123c4.7 4.7 12.3 4.7 17 0l123-123c7.6-7.6 2.2-20.5-8.5-20.5H101c-10.7 0-16.1 12.9-8.5 20.5z\"><\/path><\/svg><\/span>\n\t\t\t\t\t\t\t\t<span class=\"elementor-accordion-icon-opened\"><svg class=\"e-font-icon-svg e-fas-caret-square-up\" viewbox=\"0 0 448 512\" xmlns=\"http:\/\/www.w3.org\/2000\/svg\"><path d=\"M0 432V80c0-26.51 21.49-48 48-48h352c26.51 0 48 21.49 48 48v352c0 26.51-21.49 48-48 48H48c-26.51 0-48-21.49-48-48zm355.515-140.485l-123.03-123.03c-4.686-4.686-12.284-4.686-16.971 0L92.485 291.515c-7.56 7.56-2.206 20.485 8.485 20.485h246.059c10.691 0 16.045-12.926 8.486-20.485z\"><\/path><\/svg><\/span>\n\t\t\t\t\t\t\t\t\t\t\t\t\t\t<\/span>\n\t\t\t\t\t\t\t\t\t\t\t\t<a class=\"elementor-accordion-title\" tabindex=\"0\">Transferencias v\u00eda banco<\/a>\n\t\t\t\t\t<\/div>\n\t\t\t\t\t<div id=\"elementor-tab-content-2481\" class=\"elementor-tab-content elementor-clearfix\" data-tab=\"1\" role=\"region\" aria-labelledby=\"elementor-tab-title-2481\">Para hacer una donaci\u00f3n por transferencia para esta causa, sigue estos pasos:\n\nCopia el n\u00famero de cuenta presionando el \u00edcono \ud83d\udccb. Despu\u00e9s, haz clic en el logo del banco para acceder al enlace de donaci\u00f3n.\n\n<div class=\"contenedor-item\">\n<a class=\"enlace-item\" href=\"https:\/\/do.scotiabank.com\/banca-personal.html\" target=\"_blank\" rel=\"noopener\">\n<img decoding=\"async\" class=\"logo\" src=\"https:\/\/mdb.org.do\/wp-content\/uploads\/2025\/05\/banco-del-progreso.png\" alt=\"Logo de ejemplo\" \/>\n<div class=\"texto\">\n<div class=\"nombre-logo\">77547359<\/div>\n<div class=\"titulo\">Banco Progreso RD$:<\/div>\n<\/div>\n<\/a>\n<button class=\"copiar-btn\" onclick=\"copiarTexto(this)\" title=\"Copiar nombre\">\n      \ud83d\udccb\n    <\/button>\n\n<\/div>\n\n<div class=\"contenedor-item\"><a class=\"enlace-item\" href=\"https:\/\/bhd.com.do\/\" target=\"_blank\" rel=\"noopener\">\n<img decoding=\"async\" class=\"logo\" src=\"https:\/\/mdb.org.do\/wp-content\/uploads\/2025\/05\/thumbnail.png\" alt=\"Logo de ejemplo\" \/>\n<div class=\"texto\">\n<div class=\"nombre-logo\">0166-0418460-002-7<\/div>\n<div class=\"titulo\">BHD US$:<\/div>\n<\/div>\n<\/a>\n\n<button class=\"copiar-btn\" onclick=\"copiarTexto(this)\" title=\"Copiar nombre\">\n      \ud83d\udccb\n    <\/button>\n\n<\/div>\n<div class=\"contenedor-item\"><a class=\"enlace-item\" href=\"https:\/\/bhd.com.do\/\" target=\"_blank\" rel=\"noopener\">\n<img decoding=\"async\" class=\"logo\" src=\"https:\/\/mdb.org.do\/wp-content\/uploads\/2025\/05\/thumbnail.png\" alt=\"Logo de ejemplo\" \/>\n<div class=\"texto\">\n<div class=\"nombre-logo\">0166-0418460-004-3<\/div>\n<div class=\"titulo\">BHD EUROS$:<\/div>\n<\/div>\n<\/a>\n\n<button class=\"copiar-btn\" onclick=\"copiarTexto(this)\" title=\"Copiar nombre\">\n      \ud83d\udccb\n    <\/button>\n\n<\/div>\n<div class=\"contenedor-item\"><a class=\"enlace-item\" href=\"https:\/\/bhd.com.do\/\" target=\"_blank\" rel=\"noopener\">\n<img decoding=\"async\" class=\"logo\" src=\"https:\/\/mdb.org.do\/wp-content\/uploads\/2025\/05\/thumbnail.png\" alt=\"Logo de ejemplo\" \/>\n<div class=\"texto\">\n<div class=\"nombre-logo\">17889780015<\/div>\n<div class=\"titulo\">BHD RD$:<\/div>\n<\/div>\n<\/a>\n\n<button class=\"copiar-btn\" onclick=\"copiarTexto(this)\" title=\"Copiar nombre\">\n      \ud83d\udccb\n    <\/button>\n\n<\/div>\n<div class=\"contenedor-item\"><a class=\"enlace-item\" href=\"https:\/\/popularenlinea.com\/personas\/Paginas\/Home.aspx\" target=\"_blank\" rel=\"noopener\">\n<img decoding=\"async\" class=\"logo\" src=\"https:\/\/mdb.org.do\/wp-content\/uploads\/2025\/05\/banco-popular.jpg\" alt=\"Logo de ejemplo\" \/>\n<div class=\"texto\">\n<div class=\"nombre-logo\">056-614737-7<\/div>\n<div class=\"titulo\">Banco Popular RD$:<\/div>\n<\/div>\n<\/a>\n<button class=\"copiar-btn\" onclick=\"copiarTexto(this)\" title=\"Copiar nombre\">\n      \ud83d\udccb\n    <\/button>\n\n<\/div>\n\n<script>\n    function copiarTexto(btn) {\n      const nombre = btn.closest('.contenedor-item').querySelector('.nombre-logo').innerText;\n      navigator.clipboard.writeText(nombre).then(() => {\n        alert(\"Texto copiado: \" + nombre);\n      }).catch(err => {\n        console.error(\"Error al copiar: \", err);\n      });\n    }\n  <\/script><\/div>\n\t\t\t\t<\/div>\n\t\t\t\t\t\t\t\t\t\t<script type=\"application\/ld+json\">{\"@context\":\"https:\\\/\\\/schema.org\",\"@type\":\"FAQPage\",\"mainEntity\":[{\"@type\":\"Question\",\"name\":\"Transferencias v\\u00eda banco\",\"acceptedAnswer\":{\"@type\":\"Answer\",\"text\":\"Para hacer una donaci\\u00f3n por transferencia para esta causa, sigue estos pasos:\\n\\nCopia el n\\u00famero de cuenta presionando el \\u00edcono \\ud83d\\udccb. Despu\\u00e9s, haz clic en el logo del banco para acceder al enlace de donaci\\u00f3n.\\n\\n<div class=\\\"contenedor-item\\\">\\n<a class=\\\"enlace-item\\\" href=\\\"https:\\\/\\\/do.scotiabank.com\\\/banca-personal.html\\\" target=\\\"_blank\\\" rel=\\\"noopener\\\">\\n<img class=\\\"logo\\\" src=\\\"https:\\\/\\\/mdb.org.do\\\/wp-content\\\/uploads\\\/2025\\\/05\\\/banco-del-progreso.png\\\" alt=\\\"Logo de ejemplo\\\" \\\/>\\n<div class=\\\"texto\\\">\\n<div class=\\\"nombre-logo\\\">77547359<\\\/div>\\n<div class=\\\"titulo\\\">Banco Progreso RD$:<\\\/div>\\n<\\\/div>\\n<\\\/a>\\n<button class=\\\"copiar-btn\\\" onclick=\\\"copiarTexto(this)\\\" title=\\\"Copiar nombre\\\">\\n      \\ud83d\\udccb\\n    <\\\/button>\\n\\n<\\\/div>\\n\\n<div class=\\\"contenedor-item\\\"><a class=\\\"enlace-item\\\" href=\\\"https:\\\/\\\/bhd.com.do\\\/\\\" target=\\\"_blank\\\" rel=\\\"noopener\\\">\\n<img class=\\\"logo\\\" src=\\\"https:\\\/\\\/mdb.org.do\\\/wp-content\\\/uploads\\\/2025\\\/05\\\/thumbnail.png\\\" alt=\\\"Logo de ejemplo\\\" \\\/>\\n<div class=\\\"texto\\\">\\n<div class=\\\"nombre-logo\\\">0166-0418460-002-7<\\\/div>\\n<div class=\\\"titulo\\\">BHD US$:<\\\/div>\\n<\\\/div>\\n<\\\/a>\\n\\n<button class=\\\"copiar-btn\\\" onclick=\\\"copiarTexto(this)\\\" title=\\\"Copiar nombre\\\">\\n      \\ud83d\\udccb\\n    <\\\/button>\\n\\n<\\\/div>\\n<div class=\\\"contenedor-item\\\"><a class=\\\"enlace-item\\\" href=\\\"https:\\\/\\\/bhd.com.do\\\/\\\" target=\\\"_blank\\\" rel=\\\"noopener\\\">\\n<img class=\\\"logo\\\" src=\\\"https:\\\/\\\/mdb.org.do\\\/wp-content\\\/uploads\\\/2025\\\/05\\\/thumbnail.png\\\" alt=\\\"Logo de ejemplo\\\" \\\/>\\n<div class=\\\"texto\\\">\\n<div class=\\\"nombre-logo\\\">0166-0418460-004-3<\\\/div>\\n<div class=\\\"titulo\\\">BHD EUROS$:<\\\/div>\\n<\\\/div>\\n<\\\/a>\\n\\n<button class=\\\"copiar-btn\\\" onclick=\\\"copiarTexto(this)\\\" title=\\\"Copiar nombre\\\">\\n      \\ud83d\\udccb\\n    <\\\/button>\\n\\n<\\\/div>\\n<div class=\\\"contenedor-item\\\"><a class=\\\"enlace-item\\\" href=\\\"https:\\\/\\\/bhd.com.do\\\/\\\" target=\\\"_blank\\\" rel=\\\"noopener\\\">\\n<img class=\\\"logo\\\" src=\\\"https:\\\/\\\/mdb.org.do\\\/wp-content\\\/uploads\\\/2025\\\/05\\\/thumbnail.png\\\" alt=\\\"Logo de ejemplo\\\" \\\/>\\n<div class=\\\"texto\\\">\\n<div class=\\\"nombre-logo\\\">17889780015<\\\/div>\\n<div class=\\\"titulo\\\">BHD RD$:<\\\/div>\\n<\\\/div>\\n<\\\/a>\\n\\n<button class=\\\"copiar-btn\\\" onclick=\\\"copiarTexto(this)\\\" title=\\\"Copiar nombre\\\">\\n      \\ud83d\\udccb\\n    <\\\/button>\\n\\n<\\\/div>\\n<div class=\\\"contenedor-item\\\"><a class=\\\"enlace-item\\\" href=\\\"https:\\\/\\\/popularenlinea.com\\\/personas\\\/Paginas\\\/Home.aspx\\\" target=\\\"_blank\\\" rel=\\\"noopener\\\">\\n<img class=\\\"logo\\\" src=\\\"https:\\\/\\\/mdb.org.do\\\/wp-content\\\/uploads\\\/2025\\\/05\\\/banco-popular.jpg\\\" alt=\\\"Logo de ejemplo\\\" \\\/>\\n<div class=\\\"texto\\\">\\n<div class=\\\"nombre-logo\\\">056-614737-7<\\\/div>\\n<div class=\\\"titulo\\\">Banco Popular RD$:<\\\/div>\\n<\\\/div>\\n<\\\/a>\\n<button class=\\\"copiar-btn\\\" onclick=\\\"copiarTexto(this)\\\" title=\\\"Copiar nombre\\\">\\n      \\ud83d\\udccb\\n    <\\\/button>\\n\\n<\\\/div>\\n\\n<script>\\n    function copiarTexto(btn) {\\n      const nombre = btn.closest('.contenedor-item').querySelector('.nombre-logo').innerText;\\n      navigator.clipboard.writeText(nombre).then(() => {\\n        alert(\\\"Texto copiado: \\\" + nombre);\\n      }).catch(err => {\\n        console.error(\\\"Error al copiar: \\\", err);\\n      });\\n    }\\n  <\\\/script>\"}}]}<\/script>\n\t\t\t\t\t<\/div>\n\t\t\t\t\t\t<\/div>\n\t\t\t\t<\/div>\n\t\t\t\t\t<\/div>\n\t\t<\/div>\n\t\t\t\t\t<\/div>\n\t\t<\/section>\n\t\t\t\t<\/div>","protected":false},"excerpt":{"rendered":"<p>Paypal \u00a0 Transferencias v\u00eda banco Para hacer una donaci\u00f3n por transferencia para esta causa, sigue estos pasos: Copia el n\u00famero de cuenta presionando el \u00edcono \ud83d\udccb. Despu\u00e9s, haz clic en el logo del banco para acceder al enlace de donaci\u00f3n. 77547359 Banco Progreso RD$: \ud83d\udccb 0166-0418460-002-7 BHD US$: \ud83d\udccb 0166-0418460-004-3 BHD EUROS$: \ud83d\udccb 17889780015 BHD [&hellip;]<\/p>","protected":false},"author":1,"featured_media":0,"parent":0,"menu_order":0,"comment_status":"closed","ping_status":"closed","template":"","meta":{"footnotes":""},"class_list":["post-5819","page","type-page","status-publish","hentry"],"yoast_head":"<!-- This site is optimized with the Yoast SEO plugin v25.3 - https:\/\/yoast.com\/wordpress\/plugins\/seo\/ -->\n<title>Donar - MDB<\/title>\n<meta name=\"robots\" content=\"index, follow, max-snippet:-1, max-image-preview:large, max-video-preview:-1\" \/>\n<link rel=\"canonical\" href=\"https:\/\/mdb.org.do\/es\/donar-paypal\/\" \/>\n<meta property=\"og:locale\" content=\"es_ES\" \/>\n<meta property=\"og:type\" content=\"article\" \/>\n<meta property=\"og:title\" content=\"Donar - MDB\" \/>\n<meta property=\"og:description\" content=\"Paypal \u00a0 Transferencias v\u00eda banco Para hacer una donaci\u00f3n por transferencia para esta causa, sigue estos pasos: Copia el n\u00famero de cuenta presionando el \u00edcono \ud83d\udccb. Despu\u00e9s, haz clic en el logo del banco para acceder al enlace de donaci\u00f3n. 77547359 Banco Progreso RD$: \ud83d\udccb 0166-0418460-002-7 BHD US$: \ud83d\udccb 0166-0418460-004-3 BHD EUROS$: \ud83d\udccb 17889780015 BHD [&hellip;]\" \/>\n<meta property=\"og:url\" content=\"https:\/\/mdb.org.do\/es\/donar-paypal\/\" \/>\n<meta property=\"og:site_name\" content=\"MDB\" \/>\n<meta property=\"article:publisher\" content=\"https:\/\/www.facebook.com\/muchachosdonbosco\" \/>\n<meta property=\"article:modified_time\" content=\"2025-05-27T16:30:12+00:00\" \/>\n<meta property=\"og:image\" content=\"https:\/\/mdb.org.do\/wp-content\/uploads\/2025\/05\/banco-del-progreso.png\" \/>\n<meta name=\"twitter:card\" content=\"summary_large_image\" \/>\n<meta name=\"twitter:site\" content=\"@MDBOC\" \/>\n<script type=\"application\/ld+json\" class=\"yoast-schema-graph\">{\"@context\":\"https:\/\/schema.org\",\"@graph\":[{\"@type\":\"WebPage\",\"@id\":\"https:\/\/mdb.org.do\/donar-paypal\/\",\"url\":\"https:\/\/mdb.org.do\/donar-paypal\/\",\"name\":\"Donar - MDB\",\"isPartOf\":{\"@id\":\"https:\/\/mdb.org.do\/#website\"},\"primaryImageOfPage\":{\"@id\":\"https:\/\/mdb.org.do\/donar-paypal\/#primaryimage\"},\"image\":{\"@id\":\"https:\/\/mdb.org.do\/donar-paypal\/#primaryimage\"},\"thumbnailUrl\":\"https:\/\/mdb.org.do\/wp-content\/uploads\/2025\/05\/banco-del-progreso.png\",\"datePublished\":\"2024-01-13T17:50:53+00:00\",\"dateModified\":\"2025-05-27T16:30:12+00:00\",\"breadcrumb\":{\"@id\":\"https:\/\/mdb.org.do\/donar-paypal\/#breadcrumb\"},\"inLanguage\":\"es-DO\",\"potentialAction\":[{\"@type\":\"ReadAction\",\"target\":[\"https:\/\/mdb.org.do\/donar-paypal\/\"]}]},{\"@type\":\"ImageObject\",\"inLanguage\":\"es-DO\",\"@id\":\"https:\/\/mdb.org.do\/donar-paypal\/#primaryimage\",\"url\":\"https:\/\/mdb.org.do\/wp-content\/uploads\/2025\/05\/banco-del-progreso.png\",\"contentUrl\":\"https:\/\/mdb.org.do\/wp-content\/uploads\/2025\/05\/banco-del-progreso.png\"},{\"@type\":\"BreadcrumbList\",\"@id\":\"https:\/\/mdb.org.do\/donar-paypal\/#breadcrumb\",\"itemListElement\":[{\"@type\":\"ListItem\",\"position\":1,\"name\":\"Home\",\"item\":\"https:\/\/mdb.org.do\/\"},{\"@type\":\"ListItem\",\"position\":2,\"name\":\"Donar\"}]},{\"@type\":\"WebSite\",\"@id\":\"https:\/\/mdb.org.do\/#website\",\"url\":\"https:\/\/mdb.org.do\/\",\"name\":\"MBD\",\"description\":\"Muchachos y Muchachas con Don Bosco\",\"publisher\":{\"@id\":\"https:\/\/mdb.org.do\/#organization\"},\"potentialAction\":[{\"@type\":\"SearchAction\",\"target\":{\"@type\":\"EntryPoint\",\"urlTemplate\":\"https:\/\/mdb.org.do\/?s={search_term_string}\"},\"query-input\":{\"@type\":\"PropertyValueSpecification\",\"valueRequired\":true,\"valueName\":\"search_term_string\"}}],\"inLanguage\":\"es-DO\"},{\"@type\":\"Organization\",\"@id\":\"https:\/\/mdb.org.do\/#organization\",\"name\":\"Muchachos y Muchachas con Don Bosco\",\"url\":\"https:\/\/mdb.org.do\/\",\"logo\":{\"@type\":\"ImageObject\",\"inLanguage\":\"es-DO\",\"@id\":\"https:\/\/mdb.org.do\/#\/schema\/logo\/image\/\",\"url\":\"https:\/\/mdb.org.do\/wp-content\/uploads\/2024\/01\/logo-mdb-con-texto-pequeno__1_-removebg-preview.png\",\"contentUrl\":\"https:\/\/mdb.org.do\/wp-content\/uploads\/2024\/01\/logo-mdb-con-texto-pequeno__1_-removebg-preview.png\",\"width\":200,\"height\":89,\"caption\":\"Muchachos y Muchachas con Don Bosco\"},\"image\":{\"@id\":\"https:\/\/mdb.org.do\/#\/schema\/logo\/image\/\"},\"sameAs\":[\"https:\/\/www.facebook.com\/muchachosdonbosco\",\"https:\/\/x.com\/MDBOC\",\"https:\/\/www.instagram.com\/muchachoscondonbosco\/\",\"https:\/\/www.youtube.com\/@mdbsalesiano\"]}]}<\/script>\n<!-- \/ Yoast SEO plugin. -->","yoast_head_json":{"title":"Donar - MDB","robots":{"index":"index","follow":"follow","max-snippet":"max-snippet:-1","max-image-preview":"max-image-preview:large","max-video-preview":"max-video-preview:-1"},"canonical":"https:\/\/mdb.org.do\/es\/donar-paypal\/","og_locale":"es_ES","og_type":"article","og_title":"Donar - MDB","og_description":"Paypal \u00a0 Transferencias v\u00eda banco Para hacer una donaci\u00f3n por transferencia para esta causa, sigue estos pasos: Copia el n\u00famero de cuenta presionando el \u00edcono \ud83d\udccb. Despu\u00e9s, haz clic en el logo del banco para acceder al enlace de donaci\u00f3n. 77547359 Banco Progreso RD$: \ud83d\udccb 0166-0418460-002-7 BHD US$: \ud83d\udccb 0166-0418460-004-3 BHD EUROS$: \ud83d\udccb 17889780015 BHD [&hellip;]","og_url":"https:\/\/mdb.org.do\/es\/donar-paypal\/","og_site_name":"MDB","article_publisher":"https:\/\/www.facebook.com\/muchachosdonbosco","article_modified_time":"2025-05-27T16:30:12+00:00","og_image":[{"url":"https:\/\/mdb.org.do\/wp-content\/uploads\/2025\/05\/banco-del-progreso.png","type":"","width":"","height":""}],"twitter_card":"summary_large_image","twitter_site":"@MDBOC","schema":{"@context":"https:\/\/schema.org","@graph":[{"@type":"WebPage","@id":"https:\/\/mdb.org.do\/donar-paypal\/","url":"https:\/\/mdb.org.do\/donar-paypal\/","name":"Donar - MDB","isPartOf":{"@id":"https:\/\/mdb.org.do\/#website"},"primaryImageOfPage":{"@id":"https:\/\/mdb.org.do\/donar-paypal\/#primaryimage"},"image":{"@id":"https:\/\/mdb.org.do\/donar-paypal\/#primaryimage"},"thumbnailUrl":"https:\/\/mdb.org.do\/wp-content\/uploads\/2025\/05\/banco-del-progreso.png","datePublished":"2024-01-13T17:50:53+00:00","dateModified":"2025-05-27T16:30:12+00:00","breadcrumb":{"@id":"https:\/\/mdb.org.do\/donar-paypal\/#breadcrumb"},"inLanguage":"es-DO","potentialAction":[{"@type":"ReadAction","target":["https:\/\/mdb.org.do\/donar-paypal\/"]}]},{"@type":"ImageObject","inLanguage":"es-DO","@id":"https:\/\/mdb.org.do\/donar-paypal\/#primaryimage","url":"https:\/\/mdb.org.do\/wp-content\/uploads\/2025\/05\/banco-del-progreso.png","contentUrl":"https:\/\/mdb.org.do\/wp-content\/uploads\/2025\/05\/banco-del-progreso.png"},{"@type":"BreadcrumbList","@id":"https:\/\/mdb.org.do\/donar-paypal\/#breadcrumb","itemListElement":[{"@type":"ListItem","position":1,"name":"Home","item":"https:\/\/mdb.org.do\/"},{"@type":"ListItem","position":2,"name":"Donar"}]},{"@type":"WebSite","@id":"https:\/\/mdb.org.do\/#website","url":"https:\/\/mdb.org.do\/","name":"MBD","description":"Muchachos y Muchachas con Don Bosco","publisher":{"@id":"https:\/\/mdb.org.do\/#organization"},"potentialAction":[{"@type":"SearchAction","target":{"@type":"EntryPoint","urlTemplate":"https:\/\/mdb.org.do\/?s={search_term_string}"},"query-input":{"@type":"PropertyValueSpecification","valueRequired":true,"valueName":"search_term_string"}}],"inLanguage":"es-DO"},{"@type":"Organization","@id":"https:\/\/mdb.org.do\/#organization","name":"Muchachos y Muchachas con Don Bosco","url":"https:\/\/mdb.org.do\/","logo":{"@type":"ImageObject","inLanguage":"es-DO","@id":"https:\/\/mdb.org.do\/#\/schema\/logo\/image\/","url":"https:\/\/mdb.org.do\/wp-content\/uploads\/2024\/01\/logo-mdb-con-texto-pequeno__1_-removebg-preview.png","contentUrl":"https:\/\/mdb.org.do\/wp-content\/uploads\/2024\/01\/logo-mdb-con-texto-pequeno__1_-removebg-preview.png","width":200,"height":89,"caption":"Muchachos y Muchachas con Don Bosco"},"image":{"@id":"https:\/\/mdb.org.do\/#\/schema\/logo\/image\/"},"sameAs":["https:\/\/www.facebook.com\/muchachosdonbosco","https:\/\/x.com\/MDBOC","https:\/\/www.instagram.com\/muchachoscondonbosco\/","https:\/\/www.youtube.com\/@mdbsalesiano"]}]}},"_links":{"self":[{"href":"https:\/\/mdb.org.do\/es\/wp-json\/wp\/v2\/pages\/5819","targetHints":{"allow":["GET"]}}],"collection":[{"href":"https:\/\/mdb.org.do\/es\/wp-json\/wp\/v2\/pages"}],"about":[{"href":"https:\/\/mdb.org.do\/es\/wp-json\/wp\/v2\/types\/page"}],"author":[{"embeddable":true,"href":"https:\/\/mdb.org.do\/es\/wp-json\/wp\/v2\/users\/1"}],"replies":[{"embeddable":true,"href":"https:\/\/mdb.org.do\/es\/wp-json\/wp\/v2\/comments?post=5819"}],"version-history":[{"count":127,"href":"https:\/\/mdb.org.do\/es\/wp-json\/wp\/v2\/pages\/5819\/revisions"}],"predecessor-version":[{"id":8293,"href":"https:\/\/mdb.org.do\/es\/wp-json\/wp\/v2\/pages\/5819\/revisions\/8293"}],"wp:attachment":[{"href":"https:\/\/mdb.org.do\/es\/wp-json\/wp\/v2\/media?parent=5819"}],"curies":[{"name":"wp","href":"https:\/\/api.w.org\/{rel}","templated":true}]}}