{"id":3021,"date":"2024-01-19T07:20:11","date_gmt":"2024-01-19T07:20:11","guid":{"rendered":"https:\/\/themepanthers.com\/wp\/risehand\/el\/?page_id=3021"},"modified":"2025-03-11T12:11:43","modified_gmt":"2025-03-11T16:11:43","slug":"proyectos","status":"publish","type":"page","link":"https:\/\/mdb.org.do\/es\/proyectos\/","title":{"rendered":"Proyectos"},"content":{"rendered":"<div data-elementor-type=\"wp-page\" data-elementor-id=\"3021\" class=\"elementor elementor-3021\">\n\t\t\t\t\t\t<section class=\"elementor-section elementor-top-section elementor-element elementor-element-4e4145e elementor-section-boxed elementor-section-height-default elementor-section-height-default\" data-id=\"4e4145e\" data-element_type=\"section\">\n\t\t\t\t\t\t<div class=\"elementor-container elementor-column-gap-default\">\n\t\t\t\t\t<div class=\"elementor-column elementor-col-100 elementor-top-column elementor-element elementor-element-f95169d\" data-id=\"f95169d\" data-element_type=\"column\">\n\t\t\t<div class=\"elementor-widget-wrap elementor-element-populated\">\n\t\t\t\t\t\t<div class=\"elementor-element elementor-element-42e86b1 elementor-widget elementor-widget-risehand-service-post-v1\" data-id=\"42e86b1\" data-element_type=\"widget\" data-widget_type=\"risehand-service-post-v1.default\">\n\t\t\t\t<div class=\"elementor-widget-container\">\n\t\t\t\t\t \n<section class=\"service_post_section  excerpt_enable\">\n    <div class=\"row\">\n                                                <div class=\"col-xl-4 col-lg-4 col-md-6 col-sm-6\">\n            <div class=\"service-style_3 mb_40 has_images\">  <div class=\"image-box img_obj_fit_center\"> <a href=\"https:\/\/mdb.org.do\/es\/service\/nivelacion-escolar-de-adolescentes\/\" class=\"img_link\"> <img fetchpriority=\"high\" decoding=\"async\" width=\"1600\" height=\"1066\" src=\"https:\/\/mdb.org.do\/wp-content\/uploads\/2025\/02\/Fotos-de-Jovenes-Trabajando-2.jpg\" class=\"attachment-risehand-image-370-270 trans size-risehand-image-370-270 trans wp-post-image\" alt=\"\"   \/> <\/a>   <div class=\"icon trans\"> <div class=\"spattern_bg mask_image\" style=\"mask-image: url(https:\/\/mdb.org.do\/wp-content\/plugins\/risehand-addons\/assets\/image\/slider-2\/mask-1.png); -webkit-mask-image: url(https:\/\/mdb.org.do\/wp-content\/plugins\/risehand-addons\/assets\/image\/slider-2\/mask-1.png);\"> <\/div> <i class=\"trans\"><\/i> <\/div>   <\/div>  <div class=\"content_box_outer\"> <div class=\"content_box_in\"> <div class=\"title_22 trans\"><a href=\"https:\/\/mdb.org.do\/es\/service\/nivelacion-escolar-de-adolescentes\/\" class=\"mb_0 trim-3\">NIVELACI\u00d3N ESCOLAR DE ADOLESCENTES<\/a><\/div>  <p class=\"mt_15 mb_5 des_cription\">Al finalizar el Programa los Adolescentes habr\u00e1n fortalecido y nivelado sus competencias b\u00e1sicas en lecto- escritura, matem\u00e1tica, idioma ingl\u00e9s e&hellip;<\/p>  <\/div> <\/div><\/div>\n            <\/div>\n                                                        <div class=\"col-xl-4 col-lg-4 col-md-6 col-sm-6\">\n            <div class=\"service-style_3 mb_40 has_images\">  <div class=\"image-box img_obj_fit_center\"> <a href=\"https:\/\/mdb.org.do\/es\/service\/epa-y-seguimiento-escolar\/\" class=\"img_link\"> <img decoding=\"async\" width=\"2560\" height=\"1707\" src=\"https:\/\/mdb.org.do\/wp-content\/uploads\/2025\/02\/Don-Bosco-Amigo-Grupal-scaled.webp\" class=\"attachment-risehand-image-370-270 trans size-risehand-image-370-270 trans wp-post-image\" alt=\"\"   \/> <\/a>   <div class=\"icon trans\"> <div class=\"spattern_bg mask_image\" style=\"mask-image: url(https:\/\/mdb.org.do\/wp-content\/plugins\/risehand-addons\/assets\/image\/slider-2\/mask-1.png); -webkit-mask-image: url(https:\/\/mdb.org.do\/wp-content\/plugins\/risehand-addons\/assets\/image\/slider-2\/mask-1.png);\"> <\/div> <i class=\"trans\"><\/i> <\/div>   <\/div>  <div class=\"content_box_outer\"> <div class=\"content_box_in\"> <div class=\"title_22 trans\"><a href=\"https:\/\/mdb.org.do\/es\/service\/epa-y-seguimiento-escolar\/\" class=\"mb_0 trim-3\">EPA Y SEGUIMIENTO ESCOLAR<\/a><\/div>  <p class=\"mt_15 mb_5 des_cription\">Al finalizar el Programa los ni\u00f1os, ni\u00f1as, adolescentes y j\u00f3venes (NNAJs) permanecen activos en lasescuelas y habr\u00e1n fortalecido sus competencias&hellip;<\/p>  <\/div> <\/div><\/div>\n            <\/div>\n                                                        <div class=\"col-xl-4 col-lg-4 col-md-6 col-sm-6\">\n            <div class=\"service-style_3 mb_40 has_images\">  <div class=\"image-box img_obj_fit_center\"> <a href=\"https:\/\/mdb.org.do\/es\/service\/ludoteca\/\" class=\"img_link\"> <img decoding=\"async\" width=\"2560\" height=\"1706\" src=\"https:\/\/mdb.org.do\/wp-content\/uploads\/2025\/02\/Amigos-y-Amigas-ninos-solo-scaled.webp\" class=\"attachment-risehand-image-370-270 trans size-risehand-image-370-270 trans wp-post-image\" alt=\"\"   \/> <\/a>   <div class=\"icon trans\"> <div class=\"spattern_bg mask_image\" style=\"mask-image: url(https:\/\/mdb.org.do\/wp-content\/plugins\/risehand-addons\/assets\/image\/slider-2\/mask-1.png); -webkit-mask-image: url(https:\/\/mdb.org.do\/wp-content\/plugins\/risehand-addons\/assets\/image\/slider-2\/mask-1.png);\"> <\/div> <i class=\"trans\"><\/i> <\/div>   <\/div>  <div class=\"content_box_outer\"> <div class=\"content_box_in\"> <div class=\"title_22 trans\"><a href=\"https:\/\/mdb.org.do\/es\/service\/ludoteca\/\" class=\"mb_0 trim-3\">LUDOTECA<\/a><\/div>  <p class=\"mt_15 mb_5 des_cription\">Objetivo\/Resultados esperados: Al finalizar el Programa los\/las NNAJs habr\u00e1n desarrollado sus capacidades psicomotoras, afectivas y sociales. Adem\u00e1s los PMTs estar\u00e1n&hellip;<\/p>  <\/div> <\/div><\/div>\n            <\/div>\n                                                        <div class=\"col-xl-4 col-lg-4 col-md-6 col-sm-6\">\n            <div class=\"service-style_3 mb_40 has_images\">  <div class=\"image-box img_obj_fit_center\"> <a href=\"https:\/\/mdb.org.do\/es\/service\/habilidades-y-destrezas-manuales\/\" class=\"img_link\"> <img loading=\"lazy\" decoding=\"async\" width=\"1600\" height=\"1066\" src=\"https:\/\/mdb.org.do\/wp-content\/uploads\/2025\/02\/Fotos-de-Jovenes-Trabajando.jpg\" class=\"attachment-risehand-image-370-270 trans size-risehand-image-370-270 trans wp-post-image\" alt=\"\"   \/> <\/a>   <div class=\"icon trans\"> <div class=\"spattern_bg mask_image\" style=\"mask-image: url(https:\/\/mdb.org.do\/wp-content\/plugins\/risehand-addons\/assets\/image\/slider-2\/mask-1.png); -webkit-mask-image: url(https:\/\/mdb.org.do\/wp-content\/plugins\/risehand-addons\/assets\/image\/slider-2\/mask-1.png);\"> <\/div> <i class=\"trans\"><\/i> <\/div>   <\/div>  <div class=\"content_box_outer\"> <div class=\"content_box_in\"> <div class=\"title_22 trans\"><a href=\"https:\/\/mdb.org.do\/es\/service\/habilidades-y-destrezas-manuales\/\" class=\"mb_0 trim-3\">HABILIDADES Y DESTREZAS MANUALES<\/a><\/div>  <p class=\"mt_15 mb_5 des_cription\">Al finalizar el Programa los\/las NNAJs tendr\u00e1n sus propias habilidades manuales mejoradas y desarrolladas y tendr\u00e1n conciencia de sus propias&hellip;<\/p>  <\/div> <\/div><\/div>\n            <\/div>\n                                                        <div class=\"col-xl-4 col-lg-4 col-md-6 col-sm-6\">\n            <div class=\"service-style_3 mb_40 has_images\">  <div class=\"image-box img_obj_fit_center\"> <a href=\"https:\/\/mdb.org.do\/es\/service\/arte-y-cultura\/\" class=\"img_link\"> <img loading=\"lazy\" decoding=\"async\" width=\"1200\" height=\"800\" src=\"https:\/\/mdb.org.do\/wp-content\/uploads\/2023\/12\/Arte-y-Cultura-de-la-Fundacion-Salesiana-Don-Bosco.webp\" class=\"attachment-risehand-image-370-270 trans size-risehand-image-370-270 trans wp-post-image\" alt=\"Arte y Cultura de la Fundaci\u00f3n Salesiana Don Bosco\"   \/> <\/a>   <div class=\"icon trans\"> <div class=\"spattern_bg mask_image\" style=\"mask-image: url(https:\/\/mdb.org.do\/wp-content\/plugins\/risehand-addons\/assets\/image\/slider-2\/mask-1.png); -webkit-mask-image: url(https:\/\/mdb.org.do\/wp-content\/plugins\/risehand-addons\/assets\/image\/slider-2\/mask-1.png);\"> <\/div> <i class=\"trans\"><\/i> <\/div>   <\/div>  <div class=\"content_box_outer\"> <div class=\"content_box_in\"> <div class=\"title_22 trans\"><a href=\"https:\/\/mdb.org.do\/es\/service\/arte-y-cultura\/\" class=\"mb_0 trim-3\">ARTE Y CULTURA<\/a><\/div>  <p class=\"mt_15 mb_5 des_cription\">Al finalizar el Programa los\/las NNAJs tendr\u00e1n sus propias habilidades art\u00edstico-culturales mejoradas y desarrolladas, y tambi\u00e9n la conciencia de sus&hellip;<\/p>  <\/div> <\/div><\/div>\n            <\/div>\n                                                        <div class=\"col-xl-4 col-lg-4 col-md-6 col-sm-6\">\n            <div class=\"service-style_3 mb_40 has_images\">  <div class=\"image-box img_obj_fit_center\"> <a href=\"https:\/\/mdb.org.do\/es\/service\/deporte-y-recreacion\/\" class=\"img_link\"> <img decoding=\"async\" width=\"2560\" height=\"1707\" src=\"https:\/\/mdb.org.do\/wp-content\/uploads\/2025\/02\/Don-Bosco-Amigo-Grupal-scaled.webp\" class=\"attachment-risehand-image-370-270 trans size-risehand-image-370-270 trans wp-post-image\" alt=\"\"   \/> <\/a>   <div class=\"icon trans\"> <div class=\"spattern_bg mask_image\" style=\"mask-image: url(https:\/\/mdb.org.do\/wp-content\/plugins\/risehand-addons\/assets\/image\/slider-2\/mask-1.png); -webkit-mask-image: url(https:\/\/mdb.org.do\/wp-content\/plugins\/risehand-addons\/assets\/image\/slider-2\/mask-1.png);\"> <\/div> <i class=\"trans\"><\/i> <\/div>   <\/div>  <div class=\"content_box_outer\"> <div class=\"content_box_in\"> <div class=\"title_22 trans\"><a href=\"https:\/\/mdb.org.do\/es\/service\/deporte-y-recreacion\/\" class=\"mb_0 trim-3\">DEPORTE Y RECREACI\u00d3N<\/a><\/div>  <p class=\"mt_15 mb_5 des_cription\">Objetivo\/Resultados esperados: Al finalizar el Programa los\/las NNAJs tendr\u00e1n sus propias habilidades deportivas y recreativas mejoradas y desarrolladas y conciencia&hellip;<\/p>  <\/div> <\/div><\/div>\n            <\/div>\n                                                        <div class=\"col-xl-4 col-lg-4 col-md-6 col-sm-6\">\n            <div class=\"service-style_3 mb_40 has_images\">  <div class=\"image-box img_obj_fit_center\"> <a href=\"https:\/\/mdb.org.do\/es\/service\/sexualidad-responsable\/\" class=\"img_link\"> <img loading=\"lazy\" decoding=\"async\" width=\"626\" height=\"626\" src=\"https:\/\/mdb.org.do\/wp-content\/uploads\/2025\/03\/programa-SEXUALIDAD-RESPONSABLE.avif\" class=\"attachment-risehand-image-370-270 trans size-risehand-image-370-270 trans wp-post-image\" alt=\"\"   \/> <\/a>   <div class=\"icon trans\"> <div class=\"spattern_bg mask_image\" style=\"mask-image: url(https:\/\/mdb.org.do\/wp-content\/plugins\/risehand-addons\/assets\/image\/slider-2\/mask-1.png); -webkit-mask-image: url(https:\/\/mdb.org.do\/wp-content\/plugins\/risehand-addons\/assets\/image\/slider-2\/mask-1.png);\"> <\/div> <i class=\"trans\"><\/i> <\/div>   <\/div>  <div class=\"content_box_outer\"> <div class=\"content_box_in\"> <div class=\"title_22 trans\"><a href=\"https:\/\/mdb.org.do\/es\/service\/sexualidad-responsable\/\" class=\"mb_0 trim-3\">SEXUALIDAD RESPONSABLE<\/a><\/div>  <p class=\"mt_15 mb_5 des_cription\">Objetivo\/Resultados esperados: Al finalizar el Programa, los\/las NNAJs habr\u00e1n construido y desarrollado competencias que les ayudar\u00e1n llevar una vida sexualmente&hellip;<\/p>  <\/div> <\/div><\/div>\n            <\/div>\n                                                        <div class=\"col-xl-4 col-lg-4 col-md-6 col-sm-6\">\n            <div class=\"service-style_3 mb_40 has_images\">  <div class=\"image-box img_obj_fit_center\"> <a href=\"https:\/\/mdb.org.do\/es\/service\/verano-educativo\/\" class=\"img_link\"> <img loading=\"lazy\" decoding=\"async\" width=\"2560\" height=\"1707\" src=\"https:\/\/mdb.org.do\/wp-content\/uploads\/2025\/02\/Canillitas-solo-1-scaled.webp\" class=\"attachment-risehand-image-370-270 trans size-risehand-image-370-270 trans wp-post-image\" alt=\"\"   \/> <\/a>   <div class=\"icon trans\"> <div class=\"spattern_bg mask_image\" style=\"mask-image: url(https:\/\/mdb.org.do\/wp-content\/plugins\/risehand-addons\/assets\/image\/slider-2\/mask-1.png); -webkit-mask-image: url(https:\/\/mdb.org.do\/wp-content\/plugins\/risehand-addons\/assets\/image\/slider-2\/mask-1.png);\"> <\/div> <i class=\"trans\"><\/i> <\/div>   <\/div>  <div class=\"content_box_outer\"> <div class=\"content_box_in\"> <div class=\"title_22 trans\"><a href=\"https:\/\/mdb.org.do\/es\/service\/verano-educativo\/\" class=\"mb_0 trim-3\">VERANO EDUCATIVO<\/a><\/div>  <p class=\"mt_15 mb_5 des_cription\">Al finalizar el Programa los\/las NNAJs tendr\u00e1n sus competencias individuales acad\u00e9micas y escolares fortalecidas, as\u00ed como tendr\u00e1n conciencia de sus&hellip;<\/p>  <\/div> <\/div><\/div>\n            <\/div>\n                                                        <div class=\"col-xl-4 col-lg-4 col-md-6 col-sm-6\">\n            <div class=\"service-style_3 mb_40 has_images\">  <div class=\"image-box img_obj_fit_center\"> <a href=\"https:\/\/mdb.org.do\/es\/service\/formacion-y-acompanamiento-a-educadores-voluntarios\/\" class=\"img_link\"> <img loading=\"lazy\" decoding=\"async\" width=\"800\" height=\"533\" src=\"https:\/\/mdb.org.do\/wp-content\/uploads\/2025\/02\/Mayo-Hogar-Escuela-1.jpg\" class=\"attachment-risehand-image-370-270 trans size-risehand-image-370-270 trans wp-post-image\" alt=\"\"   \/> <\/a>   <div class=\"icon trans\"> <div class=\"spattern_bg mask_image\" style=\"mask-image: url(https:\/\/mdb.org.do\/wp-content\/plugins\/risehand-addons\/assets\/image\/slider-2\/mask-1.png); -webkit-mask-image: url(https:\/\/mdb.org.do\/wp-content\/plugins\/risehand-addons\/assets\/image\/slider-2\/mask-1.png);\"> <\/div> <i class=\"trans\"><\/i> <\/div>   <\/div>  <div class=\"content_box_outer\"> <div class=\"content_box_in\"> <div class=\"title_22 trans\"><a href=\"https:\/\/mdb.org.do\/es\/service\/formacion-y-acompanamiento-a-educadores-voluntarios\/\" class=\"mb_0 trim-3\">FORMACI\u00d3N Y ACOMPA\u00d1AMIENTO A EDUCADORES VOLUNTARIOS<\/a><\/div>  <p class=\"mt_15 mb_5 des_cription\">1. El programa de Orientaci\u00f3n profesional:&nbsp;&nbsp;eval\u00faa en los&nbsp; destinatarios sus intereses,actitudes, habilidades y los orienta sobre las capacidades que deben&hellip;<\/p>  <\/div> <\/div><\/div>\n            <\/div>\n                                    <\/div>\n    <\/section>\n\n\t\t\t\t<\/div>\n\t\t\t\t<\/div>\n\t\t\t\t\t<\/div>\n\t\t<\/div>\n\t\t\t\t\t<\/div>\n\t\t<\/section>\n\t\t\t\t<\/div>","protected":false},"excerpt":{"rendered":"<p>NIVELACI\u00d3N ESCOLAR DE ADOLESCENTES Al finalizar el Programa los Adolescentes habr\u00e1n fortalecido y nivelado sus competencias b\u00e1sicas en lecto- escritura, matem\u00e1tica, idioma ingl\u00e9s e&hellip; EPA Y SEGUIMIENTO ESCOLAR Al finalizar el Programa los ni\u00f1os, ni\u00f1as, adolescentes y j\u00f3venes (NNAJs) permanecen activos en lasescuelas y habr\u00e1n fortalecido sus competencias&hellip; LUDOTECA Objetivo\/Resultados esperados: Al finalizar el Programa [&hellip;]<\/p>","protected":false},"author":1,"featured_media":0,"parent":0,"menu_order":0,"comment_status":"closed","ping_status":"closed","template":"template-fullwidth.php","meta":{"footnotes":""},"class_list":["post-3021","page","type-page","status-publish","hentry"],"yoast_head":"<!-- This site is optimized with the Yoast SEO plugin v25.3 - https:\/\/yoast.com\/wordpress\/plugins\/seo\/ -->\n<title>Proyectos - MDB<\/title>\n<meta name=\"robots\" content=\"index, follow, max-snippet:-1, max-image-preview:large, max-video-preview:-1\" \/>\n<link rel=\"canonical\" href=\"https:\/\/mdb.org.do\/es\/proyectos\/\" \/>\n<meta property=\"og:locale\" content=\"es_ES\" \/>\n<meta property=\"og:type\" content=\"article\" \/>\n<meta property=\"og:title\" content=\"Proyectos - MDB\" \/>\n<meta property=\"og:description\" content=\"NIVELACI\u00d3N ESCOLAR DE ADOLESCENTES Al finalizar el Programa los Adolescentes habr\u00e1n fortalecido y nivelado sus competencias b\u00e1sicas en lecto- escritura, matem\u00e1tica, idioma ingl\u00e9s e&hellip; EPA Y SEGUIMIENTO ESCOLAR Al finalizar el Programa los ni\u00f1os, ni\u00f1as, adolescentes y j\u00f3venes (NNAJs) permanecen activos en lasescuelas y habr\u00e1n fortalecido sus competencias&hellip; LUDOTECA Objetivo\/Resultados esperados: Al finalizar el Programa [&hellip;]\" \/>\n<meta property=\"og:url\" content=\"https:\/\/mdb.org.do\/es\/proyectos\/\" \/>\n<meta property=\"og:site_name\" content=\"MDB\" \/>\n<meta property=\"article:publisher\" content=\"https:\/\/www.facebook.com\/muchachosdonbosco\" \/>\n<meta property=\"article:modified_time\" content=\"2025-03-11T16:11:43+00:00\" \/>\n<meta property=\"og:image\" content=\"https:\/\/mdb.org.do\/wp-content\/uploads\/2025\/02\/Fotos-de-Jovenes-Trabajando-2.jpg\" \/>\n<meta name=\"twitter:card\" content=\"summary_large_image\" \/>\n<meta name=\"twitter:site\" content=\"@MDBOC\" \/>\n<script type=\"application\/ld+json\" class=\"yoast-schema-graph\">{\"@context\":\"https:\/\/schema.org\",\"@graph\":[{\"@type\":\"WebPage\",\"@id\":\"https:\/\/mdb.org.do\/proyectos\/\",\"url\":\"https:\/\/mdb.org.do\/proyectos\/\",\"name\":\"Proyectos - MDB\",\"isPartOf\":{\"@id\":\"https:\/\/mdb.org.do\/#website\"},\"primaryImageOfPage\":{\"@id\":\"https:\/\/mdb.org.do\/proyectos\/#primaryimage\"},\"image\":{\"@id\":\"https:\/\/mdb.org.do\/proyectos\/#primaryimage\"},\"thumbnailUrl\":\"https:\/\/mdb.org.do\/wp-content\/uploads\/2025\/02\/Fotos-de-Jovenes-Trabajando-2.jpg\",\"datePublished\":\"2024-01-19T07:20:11+00:00\",\"dateModified\":\"2025-03-11T16:11:43+00:00\",\"breadcrumb\":{\"@id\":\"https:\/\/mdb.org.do\/proyectos\/#breadcrumb\"},\"inLanguage\":\"es-DO\",\"potentialAction\":[{\"@type\":\"ReadAction\",\"target\":[\"https:\/\/mdb.org.do\/proyectos\/\"]}]},{\"@type\":\"ImageObject\",\"inLanguage\":\"es-DO\",\"@id\":\"https:\/\/mdb.org.do\/proyectos\/#primaryimage\",\"url\":\"https:\/\/mdb.org.do\/wp-content\/uploads\/2025\/02\/Fotos-de-Jovenes-Trabajando-2.jpg\",\"contentUrl\":\"https:\/\/mdb.org.do\/wp-content\/uploads\/2025\/02\/Fotos-de-Jovenes-Trabajando-2.jpg\"},{\"@type\":\"BreadcrumbList\",\"@id\":\"https:\/\/mdb.org.do\/proyectos\/#breadcrumb\",\"itemListElement\":[{\"@type\":\"ListItem\",\"position\":1,\"name\":\"Home\",\"item\":\"https:\/\/mdb.org.do\/\"},{\"@type\":\"ListItem\",\"position\":2,\"name\":\"Proyectos\"}]},{\"@type\":\"WebSite\",\"@id\":\"https:\/\/mdb.org.do\/#website\",\"url\":\"https:\/\/mdb.org.do\/\",\"name\":\"MBD\",\"description\":\"Muchachos y Muchachas con Don Bosco\",\"publisher\":{\"@id\":\"https:\/\/mdb.org.do\/#organization\"},\"potentialAction\":[{\"@type\":\"SearchAction\",\"target\":{\"@type\":\"EntryPoint\",\"urlTemplate\":\"https:\/\/mdb.org.do\/?s={search_term_string}\"},\"query-input\":{\"@type\":\"PropertyValueSpecification\",\"valueRequired\":true,\"valueName\":\"search_term_string\"}}],\"inLanguage\":\"es-DO\"},{\"@type\":\"Organization\",\"@id\":\"https:\/\/mdb.org.do\/#organization\",\"name\":\"Muchachos y Muchachas con Don Bosco\",\"url\":\"https:\/\/mdb.org.do\/\",\"logo\":{\"@type\":\"ImageObject\",\"inLanguage\":\"es-DO\",\"@id\":\"https:\/\/mdb.org.do\/#\/schema\/logo\/image\/\",\"url\":\"https:\/\/mdb.org.do\/wp-content\/uploads\/2024\/01\/logo-mdb-con-texto-pequeno__1_-removebg-preview.png\",\"contentUrl\":\"https:\/\/mdb.org.do\/wp-content\/uploads\/2024\/01\/logo-mdb-con-texto-pequeno__1_-removebg-preview.png\",\"width\":200,\"height\":89,\"caption\":\"Muchachos y Muchachas con Don Bosco\"},\"image\":{\"@id\":\"https:\/\/mdb.org.do\/#\/schema\/logo\/image\/\"},\"sameAs\":[\"https:\/\/www.facebook.com\/muchachosdonbosco\",\"https:\/\/x.com\/MDBOC\",\"https:\/\/www.instagram.com\/muchachoscondonbosco\/\",\"https:\/\/www.youtube.com\/@mdbsalesiano\"]}]}<\/script>\n<!-- \/ Yoast SEO plugin. -->","yoast_head_json":{"title":"Proyectos - MDB","robots":{"index":"index","follow":"follow","max-snippet":"max-snippet:-1","max-image-preview":"max-image-preview:large","max-video-preview":"max-video-preview:-1"},"canonical":"https:\/\/mdb.org.do\/es\/proyectos\/","og_locale":"es_ES","og_type":"article","og_title":"Proyectos - MDB","og_description":"NIVELACI\u00d3N ESCOLAR DE ADOLESCENTES Al finalizar el Programa los Adolescentes habr\u00e1n fortalecido y nivelado sus competencias b\u00e1sicas en lecto- escritura, matem\u00e1tica, idioma ingl\u00e9s e&hellip; EPA Y SEGUIMIENTO ESCOLAR Al finalizar el Programa los ni\u00f1os, ni\u00f1as, adolescentes y j\u00f3venes (NNAJs) permanecen activos en lasescuelas y habr\u00e1n fortalecido sus competencias&hellip; LUDOTECA Objetivo\/Resultados esperados: Al finalizar el Programa [&hellip;]","og_url":"https:\/\/mdb.org.do\/es\/proyectos\/","og_site_name":"MDB","article_publisher":"https:\/\/www.facebook.com\/muchachosdonbosco","article_modified_time":"2025-03-11T16:11:43+00:00","og_image":[{"url":"https:\/\/mdb.org.do\/wp-content\/uploads\/2025\/02\/Fotos-de-Jovenes-Trabajando-2.jpg","type":"","width":"","height":""}],"twitter_card":"summary_large_image","twitter_site":"@MDBOC","schema":{"@context":"https:\/\/schema.org","@graph":[{"@type":"WebPage","@id":"https:\/\/mdb.org.do\/proyectos\/","url":"https:\/\/mdb.org.do\/proyectos\/","name":"Proyectos - MDB","isPartOf":{"@id":"https:\/\/mdb.org.do\/#website"},"primaryImageOfPage":{"@id":"https:\/\/mdb.org.do\/proyectos\/#primaryimage"},"image":{"@id":"https:\/\/mdb.org.do\/proyectos\/#primaryimage"},"thumbnailUrl":"https:\/\/mdb.org.do\/wp-content\/uploads\/2025\/02\/Fotos-de-Jovenes-Trabajando-2.jpg","datePublished":"2024-01-19T07:20:11+00:00","dateModified":"2025-03-11T16:11:43+00:00","breadcrumb":{"@id":"https:\/\/mdb.org.do\/proyectos\/#breadcrumb"},"inLanguage":"es-DO","potentialAction":[{"@type":"ReadAction","target":["https:\/\/mdb.org.do\/proyectos\/"]}]},{"@type":"ImageObject","inLanguage":"es-DO","@id":"https:\/\/mdb.org.do\/proyectos\/#primaryimage","url":"https:\/\/mdb.org.do\/wp-content\/uploads\/2025\/02\/Fotos-de-Jovenes-Trabajando-2.jpg","contentUrl":"https:\/\/mdb.org.do\/wp-content\/uploads\/2025\/02\/Fotos-de-Jovenes-Trabajando-2.jpg"},{"@type":"BreadcrumbList","@id":"https:\/\/mdb.org.do\/proyectos\/#breadcrumb","itemListElement":[{"@type":"ListItem","position":1,"name":"Home","item":"https:\/\/mdb.org.do\/"},{"@type":"ListItem","position":2,"name":"Proyectos"}]},{"@type":"WebSite","@id":"https:\/\/mdb.org.do\/#website","url":"https:\/\/mdb.org.do\/","name":"MBD","description":"Muchachos y Muchachas con Don Bosco","publisher":{"@id":"https:\/\/mdb.org.do\/#organization"},"potentialAction":[{"@type":"SearchAction","target":{"@type":"EntryPoint","urlTemplate":"https:\/\/mdb.org.do\/?s={search_term_string}"},"query-input":{"@type":"PropertyValueSpecification","valueRequired":true,"valueName":"search_term_string"}}],"inLanguage":"es-DO"},{"@type":"Organization","@id":"https:\/\/mdb.org.do\/#organization","name":"Muchachos y Muchachas con Don Bosco","url":"https:\/\/mdb.org.do\/","logo":{"@type":"ImageObject","inLanguage":"es-DO","@id":"https:\/\/mdb.org.do\/#\/schema\/logo\/image\/","url":"https:\/\/mdb.org.do\/wp-content\/uploads\/2024\/01\/logo-mdb-con-texto-pequeno__1_-removebg-preview.png","contentUrl":"https:\/\/mdb.org.do\/wp-content\/uploads\/2024\/01\/logo-mdb-con-texto-pequeno__1_-removebg-preview.png","width":200,"height":89,"caption":"Muchachos y Muchachas con Don Bosco"},"image":{"@id":"https:\/\/mdb.org.do\/#\/schema\/logo\/image\/"},"sameAs":["https:\/\/www.facebook.com\/muchachosdonbosco","https:\/\/x.com\/MDBOC","https:\/\/www.instagram.com\/muchachoscondonbosco\/","https:\/\/www.youtube.com\/@mdbsalesiano"]}]}},"_links":{"self":[{"href":"https:\/\/mdb.org.do\/es\/wp-json\/wp\/v2\/pages\/3021","targetHints":{"allow":["GET"]}}],"collection":[{"href":"https:\/\/mdb.org.do\/es\/wp-json\/wp\/v2\/pages"}],"about":[{"href":"https:\/\/mdb.org.do\/es\/wp-json\/wp\/v2\/types\/page"}],"author":[{"embeddable":true,"href":"https:\/\/mdb.org.do\/es\/wp-json\/wp\/v2\/users\/1"}],"replies":[{"embeddable":true,"href":"https:\/\/mdb.org.do\/es\/wp-json\/wp\/v2\/comments?post=3021"}],"version-history":[{"count":13,"href":"https:\/\/mdb.org.do\/es\/wp-json\/wp\/v2\/pages\/3021\/revisions"}],"predecessor-version":[{"id":7958,"href":"https:\/\/mdb.org.do\/es\/wp-json\/wp\/v2\/pages\/3021\/revisions\/7958"}],"wp:attachment":[{"href":"https:\/\/mdb.org.do\/es\/wp-json\/wp\/v2\/media?parent=3021"}],"curies":[{"name":"wp","href":"https:\/\/api.w.org\/{rel}","templated":true}]}}