{"id":2972,"date":"2024-01-19T07:14:18","date_gmt":"2024-01-19T07:14:18","guid":{"rendered":"https:\/\/themepanthers.com\/wp\/risehand\/el\/?page_id=2972"},"modified":"2025-06-02T16:52:35","modified_gmt":"2025-06-02T20:52:35","slug":"contactarnos","status":"publish","type":"page","link":"https:\/\/mdb.org.do\/es\/contactarnos\/","title":{"rendered":"Contactarnos"},"content":{"rendered":"<div data-elementor-type=\"wp-page\" data-elementor-id=\"2972\" class=\"elementor elementor-2972\">\n\t\t\t\t\t\t<section class=\"elementor-section elementor-top-section elementor-element elementor-element-9124a1a elementor-section-boxed elementor-section-height-default elementor-section-height-default\" data-id=\"9124a1a\" data-element_type=\"section\" data-settings=\"{&quot;background_background&quot;:&quot;classic&quot;}\">\n\t\t\t\t\t\t<div class=\"elementor-container elementor-column-gap-extended\">\n\t\t\t\t\t<div class=\"elementor-column elementor-col-50 elementor-top-column elementor-element elementor-element-daba66a\" data-id=\"daba66a\" data-element_type=\"column\">\n\t\t\t<div class=\"elementor-widget-wrap elementor-element-populated\">\n\t\t\t\t\t\t<div class=\"elementor-element elementor-element-0283a9e elementor-widget elementor-widget-risehand-title-v1\" data-id=\"0283a9e\" data-element_type=\"widget\" data-widget_type=\"risehand-title-v1.default\">\n\t\t\t\t<div class=\"elementor-widget-container\">\n\t\t\t\t\t \r\n<div class=\"title_all_box style_one dark_color\">\r\n                        <div class=\"before_title pb_15 d_flex align-items-center\">\r\n                                <div class=\"sub_title font_special\">\r\n                    Cont\u00e1ctanos\n                <\/div>\r\n            <\/div>\r\n                            <h2 class=\"title_no_a_46  mb_0 pb_20\">\r\n                \u00bfListo para contactarnos? <br \/>\n            <\/h2>\r\n                            <p class=\"desc_p\">\r\n                \nEstamos disponibles para ser contactados si necesitan m\u00e1s detalles de nuestros proyectos. \n<br \/><br \/>\nNuestro horario de labores administrativas es  de Lunes a Viernes de 8 a 5 p.m. y con gusto le estaremos proporcionaremos la informaci\u00f3n requerida en la menor brevedad posible.\n\n            <\/p>\r\n            <\/div>\r\n\r\n\t\t\t\t<\/div>\n\t\t\t\t<\/div>\n\t\t\t\t<div class=\"elementor-element elementor-element-c29590e elementor-widget elementor-widget-risehand-contact-box-v1\" data-id=\"c29590e\" data-element_type=\"widget\" data-widget_type=\"risehand-contact-box-v1.default\">\n\t\t\t\t<div class=\"elementor-widget-container\">\n\t\t\t\t\t<div class=\"contact_style_two trans dark\"><div class=\"contnet\"> <div class=\"address d_flex common\"><i class=\"risehand-map-pin\"><\/i><div class=\"outer\"><div class=\"title_no_a_20\">Encu\u00e9ntranos<\/div><p>C. Manuel de Jes\u00fas Galv\u00e1n 30, Santo Domingo 10201<\/p><\/div><\/div><div class=\"mail common d_flex\"><i class=\"risehand-mail\"><\/i><div class=\"outer\"><div class=\"title_no_a_20\">Escribanos<\/div><p><a href=\"mailto:info@mdb.do\">info@mdb.do<\/a><\/p><\/div> <\/div> <div class=\"phone common d_flex\"><i class=\"risehand-phone\"><\/i><div class=\"outer\"><div class=\"title_no_a_20\">Ll\u00e1menos<\/div><p><a href=\"tel:+1 (809) 536-7171\">+1 (809) 536-7171<\/a><\/p><\/div> <\/div>  <\/div><\/div>\n\t\t\t\t<\/div>\n\t\t\t\t<\/div>\n\t\t\t\t<div class=\"elementor-element elementor-element-982eee1 elementor-widget elementor-widget-risehand-social-media-v1\" data-id=\"982eee1\" data-element_type=\"widget\" data-widget_type=\"risehand-social-media-v1.default\">\n\t\t\t\t<div class=\"elementor-widget-container\">\n\t\t\t\t\t  <div class=\"social-icons trans\"> <ul>  <li class=\"trans\">  <small class=\"trans\">Facebook<\/small>  <a href=\"https:\/\/www.facebook.com\/muchachosdonbosco\" class=\"m_icon\"  target=\"&quot;_blank&quot;\"  rel=\"&quot;nofollow&quot;\">   <span class=\"risehand-facebook\"><\/span>   <\/a> <\/li>  <li class=\"trans\">  <small class=\"trans\">Instagram<\/small>  <a href=\"https:\/\/www.instagram.com\/muchachoscondonbosco\/\" class=\"m_icon\"  target=\"&quot;_blank&quot;\"  rel=\"&quot;nofollow&quot;\">   <span class=\"risehand-instagram1\"><\/span>   <\/a> <\/li>  <li class=\"trans\">  <small class=\"trans\">Twitter X<\/small>  <a href=\"https:\/\/x.com\/MDBOC\" class=\"m_icon\"  target=\"&quot;_blank&quot;\"  rel=\"&quot;nofollow&quot;\">   <span class=\"risehand-twitter\"><\/span>   <\/a> <\/li>  <li class=\"trans\">  <small class=\"trans\">YouTube<\/small>  <a href=\"https:\/\/www.youtube.com\/@mdbsalesiano\" class=\"m_icon\"  target=\"&quot;_blank&quot;\"  rel=\"&quot;nofollow&quot;\">   <span class=\"risehand-youtube1\"><\/span>   <\/a> <\/li>   <\/ul><\/div>\n    \t\t\t\t<\/div>\n\t\t\t\t<\/div>\n\t\t\t\t\t<\/div>\n\t\t<\/div>\n\t\t\t\t<div class=\"elementor-column elementor-col-50 elementor-top-column elementor-element elementor-element-506c179\" data-id=\"506c179\" data-element_type=\"column\" data-settings=\"{&quot;background_background&quot;:&quot;classic&quot;}\">\n\t\t\t<div class=\"elementor-widget-wrap elementor-element-populated\">\n\t\t\t\t\t\t<div class=\"elementor-element elementor-element-2f30472 elementor-widget elementor-widget-risehand-contact-form-v1\" data-id=\"2f30472\" data-element_type=\"widget\" data-widget_type=\"risehand-contact-form-v1.default\">\n\t\t\t\t<div class=\"elementor-widget-container\">\n\t\t\t\t\t<section class=\"contact_form_box_all\"> \n<div class=\"wpcf7 no-js\" id=\"wpcf7-f7-o1\" lang=\"en-US\" dir=\"ltr\" data-wpcf7-id=\"7\">\n<div class=\"screen-reader-response\"><p role=\"status\" aria-live=\"polite\" aria-atomic=\"true\"><\/p> <ul><\/ul><\/div>\n<form action=\"\/es\/wp-json\/wp\/v2\/pages\/2972#wpcf7-f7-o1\" method=\"post\" class=\"wpcf7-form init\" aria-label=\"Contact form\" novalidate=\"novalidate\" data-status=\"init\" data-trp-original-action=\"\/es\/wp-json\/wp\/v2\/pages\/2972#wpcf7-f7-o1\">\n<div style=\"display: none;\">\n<input type=\"hidden\" name=\"_wpcf7\" value=\"7\" \/>\n<input type=\"hidden\" name=\"_wpcf7_version\" value=\"6.0.6\" \/>\n<input type=\"hidden\" name=\"_wpcf7_locale\" value=\"en_US\" \/>\n<input type=\"hidden\" name=\"_wpcf7_unit_tag\" value=\"wpcf7-f7-o1\" \/>\n<input type=\"hidden\" name=\"_wpcf7_container_post\" value=\"0\" \/>\n<input type=\"hidden\" name=\"_wpcf7_posted_data_hash\" value=\"\" \/>\n<\/div>\n<div class=\"row\">\n\t<div class=\"col-lg-6 col-md-12\">\n\t\t<p><label> Nombre completo<\/label><br \/>\n<span class=\"wpcf7-form-control-wrap\" data-name=\"your-name\"><input size=\"40\" maxlength=\"400\" class=\"wpcf7-form-control wpcf7-text wpcf7-validates-as-required\" autocomplete=\"name\" aria-required=\"true\" aria-invalid=\"false\" placeholder=\"Ingrese su nombre completo\" value=\"\" type=\"text\" name=\"your-name\" \/><\/span>\n\t\t<\/p>\n\t<\/div>\n\t<div class=\"col-lg-6 col-md-12\">\n\t\t<p><label> Tel\u00e9fono<\/label><br \/>\n<span class=\"wpcf7-form-control-wrap\" data-name=\"phonenumber\"><input size=\"40\" maxlength=\"400\" class=\"wpcf7-form-control wpcf7-text\" aria-invalid=\"false\" placeholder=\"Ingrese su Tel\u00e9fono\" value=\"\" type=\"text\" name=\"phonenumber\" \/><\/span>\n\t\t<\/p>\n\t<\/div>\n\t<div class=\"col-lg-12 col-md-12\">\n\t\t<p><label> Correo electr\u00f3nico<\/label><br \/>\n<span class=\"wpcf7-form-control-wrap\" data-name=\"your-email\"><input size=\"40\" maxlength=\"400\" class=\"wpcf7-form-control wpcf7-email wpcf7-validates-as-required wpcf7-text wpcf7-validates-as-email\" autocomplete=\"email\" aria-required=\"true\" aria-invalid=\"false\" placeholder=\"Ingrese Correo electr\u00f3nico\" value=\"\" type=\"email\" name=\"your-email\" \/><\/span>\n\t\t<\/p>\n\t<\/div>\n\t<div class=\"col-lg-12 col-md-12\">\n\t\t<p><label> Asunto<\/label><br \/>\n<span class=\"wpcf7-form-control-wrap\" data-name=\"your-subject\"><input size=\"40\" maxlength=\"400\" class=\"wpcf7-form-control wpcf7-text wpcf7-validates-as-required\" aria-required=\"true\" aria-invalid=\"false\" placeholder=\"Ingrese titulo de solicitud\" value=\"\" type=\"text\" name=\"your-subject\" \/><\/span>\n\t\t<\/p>\n\t<\/div>\n\t<div class=\"col-lg-12 col-md-12\">\n\t\t<p><label> Tu mensaje (opcional)<\/label><br \/>\n<span class=\"wpcf7-form-control-wrap\" data-name=\"your-message\"><textarea cols=\"40\" rows=\"10\" maxlength=\"2000\" class=\"wpcf7-form-control wpcf7-textarea\" aria-invalid=\"false\" placeholder=\"Ingrese su Mensaje ...\" name=\"your-message\"><\/textarea><\/span>\n\t\t<\/p>\n\t<\/div>\n\t<div class=\"col-lg-12\">\n\t\t<p><input class=\"wpcf7-form-control wpcf7-submit has-spinner\" type=\"submit\" value=\"Enviar\" \/>\n\t\t<\/p>\n\t<\/div>\n<\/div><div class=\"wpcf7-response-output\" aria-hidden=\"true\"><\/div>\n<input type=\"hidden\" name=\"trp-form-language\" value=\"es\"\/><\/form>\n<\/div>\n <\/section>\n\t\t\t\t<\/div>\n\t\t\t\t<\/div>\n\t\t\t\t<div class=\"elementor-element elementor-element-9eb68a5 elementor-absolute elementor-widget elementor-widget-image\" data-id=\"9eb68a5\" data-element_type=\"widget\" data-settings=\"{&quot;_position&quot;:&quot;absolute&quot;}\" data-widget_type=\"image.default\">\n\t\t\t\t<div class=\"elementor-widget-container\">\n\t\t\t\t\t\t\t\t\t\t\t\t\t\t\t<img decoding=\"async\" src=\"https:\/\/themepanthers.com\/wp\/risehand\/el\/wp-content\/uploads\/2024\/01\/contact-pat-1-1.png\" title=\"\" alt=\"\" loading=\"lazy\" \/>\t\t\t\t\t\t\t\t\t\t\t\t\t\t\t<\/div>\n\t\t\t\t<\/div>\n\t\t\t\t\t<\/div>\n\t\t<\/div>\n\t\t\t\t\t<\/div>\n\t\t<\/section>\n\t\t\t\t<section class=\"elementor-section elementor-top-section elementor-element elementor-element-95f51ca elementor-hidden-desktop elementor-hidden-tablet elementor-hidden-mobile elementor-section-boxed elementor-section-height-default elementor-section-height-default\" data-id=\"95f51ca\" data-element_type=\"section\">\n\t\t\t\t\t\t<div class=\"elementor-container elementor-column-gap-extended\">\n\t\t\t\t\t<div class=\"elementor-column elementor-col-33 elementor-top-column elementor-element elementor-element-7979b60\" data-id=\"7979b60\" data-element_type=\"column\">\n\t\t\t<div class=\"elementor-widget-wrap elementor-element-populated\">\n\t\t\t\t\t\t<div class=\"elementor-element elementor-element-7b5d7b9 elementor-widget elementor-widget-risehand-contact-box-v1\" data-id=\"7b5d7b9\" data-element_type=\"widget\" data-widget_type=\"risehand-contact-box-v1.default\">\n\t\t\t\t<div class=\"elementor-widget-container\">\n\t\t\t\t\t <div class=\"contact_style_one trans\"><div class=\"contact_box_inner\"><div class=\"icon_box\"><div class=\"spattern_bg mask_image\" style=\"mask-image: url(https:\/\/mdb.org.do\/wp-content\/plugins\/risehand-addons\/assets\/image\/slider-2\/mask-3.png); -webkit-mask-image: url(https:\/\/mdb.org.do\/wp-content\/plugins\/risehand-addons\/assets\/image\/slider-2\/mask-3.png);\"><\/div><div class=\"icon\"> <img decoding=\"async\" src=\"https:\/\/themepanthers.com\/wp\/risehand\/el\/wp-content\/uploads\/2024\/01\/f1-1.png\" class=\"img-fluid svg_image\" alt=\"icon-img\" \/> <\/div> <\/div> <div class=\"contnet\"><div class=\"font_special\"> General Enquires <\/div> <div class=\"address common\"><div class=\"title_no_a_20\">Find Us<\/div><p>575 Main Street, D-block, 2nd floor, South Africa<\/p> <\/div><div class=\"mail common\"><div class=\"title_no_a_20\">Find Us<\/div><p><a href=\"mailto:sendmail@qetus.com\">sendmail@qetus.com<\/a><\/p> <\/div> <div class=\"phone common\"><div class=\"title_no_a_20\">Call Us<\/div><p><a href=\"tel:+98 060 712 34\">+98 060 712 34<\/a><\/p> <\/div>  <\/div><\/div><\/div>\n\t\t\t\t<\/div>\n\t\t\t\t<\/div>\n\t\t\t\t\t<\/div>\n\t\t<\/div>\n\t\t\t\t<div class=\"elementor-column elementor-col-33 elementor-top-column elementor-element elementor-element-0e4e5a4\" data-id=\"0e4e5a4\" data-element_type=\"column\">\n\t\t\t<div class=\"elementor-widget-wrap elementor-element-populated\">\n\t\t\t\t\t\t<div class=\"elementor-element elementor-element-21e4219 elementor-widget elementor-widget-risehand-contact-box-v1\" data-id=\"21e4219\" data-element_type=\"widget\" data-widget_type=\"risehand-contact-box-v1.default\">\n\t\t\t\t<div class=\"elementor-widget-container\">\n\t\t\t\t\t <div class=\"contact_style_one trans\"><div class=\"contact_box_inner\"><div class=\"icon_box\"><div class=\"spattern_bg mask_image\" style=\"mask-image: url(https:\/\/mdb.org.do\/wp-content\/plugins\/risehand-addons\/assets\/image\/slider-2\/mask-3.png); -webkit-mask-image: url(https:\/\/mdb.org.do\/wp-content\/plugins\/risehand-addons\/assets\/image\/slider-2\/mask-3.png);\"><\/div><div class=\"icon\"> <img decoding=\"async\" src=\"https:\/\/themepanthers.com\/wp\/risehand\/el\/wp-content\/uploads\/2024\/01\/f2-1.png\" class=\"img-fluid svg_image\" alt=\"icon-img\" \/> <\/div> <\/div> <div class=\"contnet\"><div class=\"font_special\"> General Enquires <\/div> <div class=\"address common\"><div class=\"title_no_a_20\">Find Us<\/div><p>575 Main Street, D-block, 2nd floor, South Africa<\/p> <\/div><div class=\"mail common\"><div class=\"title_no_a_20\">Find Us<\/div><p><a href=\"mailto:sendmail@qetus.com\">sendmail@qetus.com<\/a><\/p> <\/div> <div class=\"phone common\"><div class=\"title_no_a_20\">Call Us<\/div><p><a href=\"tel:+98 060 712 34\">+98 060 712 34<\/a><\/p> <\/div>  <\/div><\/div><\/div>\n\t\t\t\t<\/div>\n\t\t\t\t<\/div>\n\t\t\t\t\t<\/div>\n\t\t<\/div>\n\t\t\t\t<div class=\"elementor-column elementor-col-33 elementor-top-column elementor-element elementor-element-88f1428\" data-id=\"88f1428\" data-element_type=\"column\">\n\t\t\t<div class=\"elementor-widget-wrap elementor-element-populated\">\n\t\t\t\t\t\t<div class=\"elementor-element elementor-element-5a9b1e5 elementor-widget elementor-widget-risehand-contact-box-v1\" data-id=\"5a9b1e5\" data-element_type=\"widget\" data-widget_type=\"risehand-contact-box-v1.default\">\n\t\t\t\t<div class=\"elementor-widget-container\">\n\t\t\t\t\t <div class=\"contact_style_one trans\"><div class=\"contact_box_inner\"><div class=\"icon_box\"><div class=\"spattern_bg mask_image\" style=\"mask-image: url(https:\/\/mdb.org.do\/wp-content\/plugins\/risehand-addons\/assets\/image\/slider-2\/mask-3.png); -webkit-mask-image: url(https:\/\/mdb.org.do\/wp-content\/plugins\/risehand-addons\/assets\/image\/slider-2\/mask-3.png);\"><\/div><div class=\"icon\"> <img decoding=\"async\" src=\"https:\/\/themepanthers.com\/wp\/risehand\/el\/wp-content\/uploads\/2024\/01\/f3-1.png\" class=\"img-fluid svg_image\" alt=\"icon-img\" \/> <\/div> <\/div> <div class=\"contnet\"><div class=\"font_special\"> General Enquires <\/div> <div class=\"address common\"><div class=\"title_no_a_20\">Find Us<\/div><p>575 Main Street, D-block, 2nd floor, South Africa<\/p> <\/div><div class=\"mail common\"><div class=\"title_no_a_20\">Find Us<\/div><p><a href=\"mailto:sendmail@qetus.com\">sendmail@qetus.com<\/a><\/p> <\/div> <div class=\"phone common\"><div class=\"title_no_a_20\">Call Us<\/div><p><a href=\"tel:+98 060 712 34\">+98 060 712 34<\/a><\/p> <\/div>  <\/div><\/div><\/div>\n\t\t\t\t<\/div>\n\t\t\t\t<\/div>\n\t\t\t\t\t<\/div>\n\t\t<\/div>\n\t\t\t\t\t<\/div>\n\t\t<\/section>\n\t\t\t\t<\/div>","protected":false},"excerpt":{"rendered":"<p>Cont\u00e1ctanos \u00bfListo para contactarnos? Estamos disponibles para ser contactados si necesitan m\u00e1s detalles de nuestros proyectos. Nuestro horario de labores administrativas es de Lunes a Viernes de 8 a 5 p.m. y con gusto le estaremos proporcionaremos la informaci\u00f3n requerida en la menor brevedad posible. Encu\u00e9ntranos C. Manuel de Jes\u00fas Galv\u00e1n 30, Santo Domingo 10201 [&hellip;]<\/p>","protected":false},"author":1,"featured_media":0,"parent":0,"menu_order":0,"comment_status":"closed","ping_status":"closed","template":"template-fullwidth.php","meta":{"footnotes":""},"class_list":["post-2972","page","type-page","status-publish","hentry"],"yoast_head":"<!-- This site is optimized with the Yoast SEO plugin v25.3 - https:\/\/yoast.com\/wordpress\/plugins\/seo\/ -->\n<title>Contactarnos - MDB<\/title>\n<meta name=\"robots\" content=\"index, follow, max-snippet:-1, max-image-preview:large, max-video-preview:-1\" \/>\n<link rel=\"canonical\" href=\"https:\/\/mdb.org.do\/es\/contactarnos\/\" \/>\n<meta property=\"og:locale\" content=\"es_ES\" \/>\n<meta property=\"og:type\" content=\"article\" \/>\n<meta property=\"og:title\" content=\"Contactarnos - MDB\" \/>\n<meta property=\"og:description\" content=\"Cont\u00e1ctanos \u00bfListo para contactarnos? Estamos disponibles para ser contactados si necesitan m\u00e1s detalles de nuestros proyectos. Nuestro horario de labores administrativas es de Lunes a Viernes de 8 a 5 p.m. y con gusto le estaremos proporcionaremos la informaci\u00f3n requerida en la menor brevedad posible. Encu\u00e9ntranos C. Manuel de Jes\u00fas Galv\u00e1n 30, Santo Domingo 10201 [&hellip;]\" \/>\n<meta property=\"og:url\" content=\"https:\/\/mdb.org.do\/es\/contactarnos\/\" \/>\n<meta property=\"og:site_name\" content=\"MDB\" \/>\n<meta property=\"article:publisher\" content=\"https:\/\/www.facebook.com\/muchachosdonbosco\" \/>\n<meta property=\"article:modified_time\" content=\"2025-06-02T20:52:35+00:00\" \/>\n<meta property=\"og:image\" content=\"https:\/\/themepanthers.com\/wp\/risehand\/el\/wp-content\/uploads\/2024\/01\/contact-pat-1-1.png\" \/>\n<meta name=\"twitter:card\" content=\"summary_large_image\" \/>\n<meta name=\"twitter:site\" content=\"@MDBOC\" \/>\n<meta name=\"twitter:label1\" content=\"Est. reading time\" \/>\n\t<meta name=\"twitter:data1\" content=\"1 minuto\" \/>\n<script type=\"application\/ld+json\" class=\"yoast-schema-graph\">{\"@context\":\"https:\/\/schema.org\",\"@graph\":[{\"@type\":\"WebPage\",\"@id\":\"https:\/\/mdb.org.do\/contactarnos\/\",\"url\":\"https:\/\/mdb.org.do\/contactarnos\/\",\"name\":\"Contactarnos - MDB\",\"isPartOf\":{\"@id\":\"https:\/\/mdb.org.do\/#website\"},\"primaryImageOfPage\":{\"@id\":\"https:\/\/mdb.org.do\/contactarnos\/#primaryimage\"},\"image\":{\"@id\":\"https:\/\/mdb.org.do\/contactarnos\/#primaryimage\"},\"thumbnailUrl\":\"https:\/\/themepanthers.com\/wp\/risehand\/el\/wp-content\/uploads\/2024\/01\/contact-pat-1-1.png\",\"datePublished\":\"2024-01-19T07:14:18+00:00\",\"dateModified\":\"2025-06-02T20:52:35+00:00\",\"breadcrumb\":{\"@id\":\"https:\/\/mdb.org.do\/contactarnos\/#breadcrumb\"},\"inLanguage\":\"es-DO\",\"potentialAction\":[{\"@type\":\"ReadAction\",\"target\":[\"https:\/\/mdb.org.do\/contactarnos\/\"]}]},{\"@type\":\"ImageObject\",\"inLanguage\":\"es-DO\",\"@id\":\"https:\/\/mdb.org.do\/contactarnos\/#primaryimage\",\"url\":\"https:\/\/themepanthers.com\/wp\/risehand\/el\/wp-content\/uploads\/2024\/01\/contact-pat-1-1.png\",\"contentUrl\":\"https:\/\/themepanthers.com\/wp\/risehand\/el\/wp-content\/uploads\/2024\/01\/contact-pat-1-1.png\"},{\"@type\":\"BreadcrumbList\",\"@id\":\"https:\/\/mdb.org.do\/contactarnos\/#breadcrumb\",\"itemListElement\":[{\"@type\":\"ListItem\",\"position\":1,\"name\":\"Home\",\"item\":\"https:\/\/mdb.org.do\/\"},{\"@type\":\"ListItem\",\"position\":2,\"name\":\"Contactarnos\"}]},{\"@type\":\"WebSite\",\"@id\":\"https:\/\/mdb.org.do\/#website\",\"url\":\"https:\/\/mdb.org.do\/\",\"name\":\"MBD\",\"description\":\"Muchachos y Muchachas con Don Bosco\",\"publisher\":{\"@id\":\"https:\/\/mdb.org.do\/#organization\"},\"potentialAction\":[{\"@type\":\"SearchAction\",\"target\":{\"@type\":\"EntryPoint\",\"urlTemplate\":\"https:\/\/mdb.org.do\/?s={search_term_string}\"},\"query-input\":{\"@type\":\"PropertyValueSpecification\",\"valueRequired\":true,\"valueName\":\"search_term_string\"}}],\"inLanguage\":\"es-DO\"},{\"@type\":\"Organization\",\"@id\":\"https:\/\/mdb.org.do\/#organization\",\"name\":\"Muchachos y Muchachas con Don Bosco\",\"url\":\"https:\/\/mdb.org.do\/\",\"logo\":{\"@type\":\"ImageObject\",\"inLanguage\":\"es-DO\",\"@id\":\"https:\/\/mdb.org.do\/#\/schema\/logo\/image\/\",\"url\":\"https:\/\/mdb.org.do\/wp-content\/uploads\/2024\/01\/logo-mdb-con-texto-pequeno__1_-removebg-preview.png\",\"contentUrl\":\"https:\/\/mdb.org.do\/wp-content\/uploads\/2024\/01\/logo-mdb-con-texto-pequeno__1_-removebg-preview.png\",\"width\":200,\"height\":89,\"caption\":\"Muchachos y Muchachas con Don Bosco\"},\"image\":{\"@id\":\"https:\/\/mdb.org.do\/#\/schema\/logo\/image\/\"},\"sameAs\":[\"https:\/\/www.facebook.com\/muchachosdonbosco\",\"https:\/\/x.com\/MDBOC\",\"https:\/\/www.instagram.com\/muchachoscondonbosco\/\",\"https:\/\/www.youtube.com\/@mdbsalesiano\"]}]}<\/script>\n<!-- \/ Yoast SEO plugin. -->","yoast_head_json":{"title":"Contactarnos - MDB","robots":{"index":"index","follow":"follow","max-snippet":"max-snippet:-1","max-image-preview":"max-image-preview:large","max-video-preview":"max-video-preview:-1"},"canonical":"https:\/\/mdb.org.do\/es\/contactarnos\/","og_locale":"es_ES","og_type":"article","og_title":"Contactarnos - MDB","og_description":"Cont\u00e1ctanos \u00bfListo para contactarnos? Estamos disponibles para ser contactados si necesitan m\u00e1s detalles de nuestros proyectos. Nuestro horario de labores administrativas es de Lunes a Viernes de 8 a 5 p.m. y con gusto le estaremos proporcionaremos la informaci\u00f3n requerida en la menor brevedad posible. Encu\u00e9ntranos C. Manuel de Jes\u00fas Galv\u00e1n 30, Santo Domingo 10201 [&hellip;]","og_url":"https:\/\/mdb.org.do\/es\/contactarnos\/","og_site_name":"MDB","article_publisher":"https:\/\/www.facebook.com\/muchachosdonbosco","article_modified_time":"2025-06-02T20:52:35+00:00","og_image":[{"url":"https:\/\/themepanthers.com\/wp\/risehand\/el\/wp-content\/uploads\/2024\/01\/contact-pat-1-1.png","type":"","width":"","height":""}],"twitter_card":"summary_large_image","twitter_site":"@MDBOC","twitter_misc":{"Est. reading time":"1 minuto"},"schema":{"@context":"https:\/\/schema.org","@graph":[{"@type":"WebPage","@id":"https:\/\/mdb.org.do\/contactarnos\/","url":"https:\/\/mdb.org.do\/contactarnos\/","name":"Contactarnos - MDB","isPartOf":{"@id":"https:\/\/mdb.org.do\/#website"},"primaryImageOfPage":{"@id":"https:\/\/mdb.org.do\/contactarnos\/#primaryimage"},"image":{"@id":"https:\/\/mdb.org.do\/contactarnos\/#primaryimage"},"thumbnailUrl":"https:\/\/themepanthers.com\/wp\/risehand\/el\/wp-content\/uploads\/2024\/01\/contact-pat-1-1.png","datePublished":"2024-01-19T07:14:18+00:00","dateModified":"2025-06-02T20:52:35+00:00","breadcrumb":{"@id":"https:\/\/mdb.org.do\/contactarnos\/#breadcrumb"},"inLanguage":"es-DO","potentialAction":[{"@type":"ReadAction","target":["https:\/\/mdb.org.do\/contactarnos\/"]}]},{"@type":"ImageObject","inLanguage":"es-DO","@id":"https:\/\/mdb.org.do\/contactarnos\/#primaryimage","url":"https:\/\/themepanthers.com\/wp\/risehand\/el\/wp-content\/uploads\/2024\/01\/contact-pat-1-1.png","contentUrl":"https:\/\/themepanthers.com\/wp\/risehand\/el\/wp-content\/uploads\/2024\/01\/contact-pat-1-1.png"},{"@type":"BreadcrumbList","@id":"https:\/\/mdb.org.do\/contactarnos\/#breadcrumb","itemListElement":[{"@type":"ListItem","position":1,"name":"Home","item":"https:\/\/mdb.org.do\/"},{"@type":"ListItem","position":2,"name":"Contactarnos"}]},{"@type":"WebSite","@id":"https:\/\/mdb.org.do\/#website","url":"https:\/\/mdb.org.do\/","name":"MBD","description":"Muchachos y Muchachas con Don Bosco","publisher":{"@id":"https:\/\/mdb.org.do\/#organization"},"potentialAction":[{"@type":"SearchAction","target":{"@type":"EntryPoint","urlTemplate":"https:\/\/mdb.org.do\/?s={search_term_string}"},"query-input":{"@type":"PropertyValueSpecification","valueRequired":true,"valueName":"search_term_string"}}],"inLanguage":"es-DO"},{"@type":"Organization","@id":"https:\/\/mdb.org.do\/#organization","name":"Muchachos y Muchachas con Don Bosco","url":"https:\/\/mdb.org.do\/","logo":{"@type":"ImageObject","inLanguage":"es-DO","@id":"https:\/\/mdb.org.do\/#\/schema\/logo\/image\/","url":"https:\/\/mdb.org.do\/wp-content\/uploads\/2024\/01\/logo-mdb-con-texto-pequeno__1_-removebg-preview.png","contentUrl":"https:\/\/mdb.org.do\/wp-content\/uploads\/2024\/01\/logo-mdb-con-texto-pequeno__1_-removebg-preview.png","width":200,"height":89,"caption":"Muchachos y Muchachas con Don Bosco"},"image":{"@id":"https:\/\/mdb.org.do\/#\/schema\/logo\/image\/"},"sameAs":["https:\/\/www.facebook.com\/muchachosdonbosco","https:\/\/x.com\/MDBOC","https:\/\/www.instagram.com\/muchachoscondonbosco\/","https:\/\/www.youtube.com\/@mdbsalesiano"]}]}},"_links":{"self":[{"href":"https:\/\/mdb.org.do\/es\/wp-json\/wp\/v2\/pages\/2972","targetHints":{"allow":["GET"]}}],"collection":[{"href":"https:\/\/mdb.org.do\/es\/wp-json\/wp\/v2\/pages"}],"about":[{"href":"https:\/\/mdb.org.do\/es\/wp-json\/wp\/v2\/types\/page"}],"author":[{"embeddable":true,"href":"https:\/\/mdb.org.do\/es\/wp-json\/wp\/v2\/users\/1"}],"replies":[{"embeddable":true,"href":"https:\/\/mdb.org.do\/es\/wp-json\/wp\/v2\/comments?post=2972"}],"version-history":[{"count":59,"href":"https:\/\/mdb.org.do\/es\/wp-json\/wp\/v2\/pages\/2972\/revisions"}],"predecessor-version":[{"id":8350,"href":"https:\/\/mdb.org.do\/es\/wp-json\/wp\/v2\/pages\/2972\/revisions\/8350"}],"wp:attachment":[{"href":"https:\/\/mdb.org.do\/es\/wp-json\/wp\/v2\/media?parent=2972"}],"curies":[{"name":"wp","href":"https:\/\/api.w.org\/{rel}","templated":true}]}}